{"id":887,"date":"2021-02-27T18:23:44","date_gmt":"2021-02-27T17:23:44","guid":{"rendered":"http:\/\/direta.com.pl\/?page_id=887"},"modified":"2022-11-14T11:38:31","modified_gmt":"2022-11-14T10:38:31","slug":"podstawowy-kurs-wspinaczki-6-dni","status":"publish","type":"page","link":"http:\/\/direta.com.pl\/?page_id=887","title":{"rendered":"Podstawowy kurs wspinaczki 6 dni"},"content":{"rendered":"\n<p><strong>Podstawowy kurs wspinaczki<\/strong> trwaj\u0105cy 6 dni adresowany jest do os\u00f3b, kt\u00f3re pragn\u0105 w kr\u00f3tkim czasie i kompleksowo zrealizowa\u0107 program z dw\u00f3ch kurs\u00f3w: na drogach ubezpieczonych oraz na w\u0142asnej asekuracji.<\/p>\n\n\n\n<p><strong>Program = drogi ubezpieczone + drogi na w\u0142asnej asekuracji<\/strong><\/p>\n\n\n\n<figure class=\"wp-block-image size-large\"><img loading=\"lazy\" width=\"1024\" height=\"671\" src=\"http:\/\/direta.com.pl\/wp-content\/uploads\/2021\/02\/120577694_336892987749066_4753492932675632487_n-3-1024x671.jpg\" alt=\"\" class=\"wp-image-893\" srcset=\"http:\/\/direta.com.pl\/wp-content\/uploads\/2021\/02\/120577694_336892987749066_4753492932675632487_n-3-1024x671.jpg 1024w, http:\/\/direta.com.pl\/wp-content\/uploads\/2021\/02\/120577694_336892987749066_4753492932675632487_n-3-300x197.jpg 300w, http:\/\/direta.com.pl\/wp-content\/uploads\/2021\/02\/120577694_336892987749066_4753492932675632487_n-3-768x503.jpg 768w, http:\/\/direta.com.pl\/wp-content\/uploads\/2021\/02\/120577694_336892987749066_4753492932675632487_n-3-1536x1006.jpg 1536w, http:\/\/direta.com.pl\/wp-content\/uploads\/2021\/02\/120577694_336892987749066_4753492932675632487_n-3.jpg 2038w\" sizes=\"(max-width: 706px) 89vw, (max-width: 767px) 82vw, 740px\" \/><\/figure>\n\n\n\n<div class=\"wp-block-columns\">\n<div class=\"wp-block-column\">\n<h2><strong><span class=\"has-inline-color has-vivid-cyan-blue-color\">CO ZAWIERA CENA<\/span><\/strong><\/h2>\n\n\n\n<ul><li><strong>Cena kursu 1600 z\u0142 <\/strong>(<a rel=\"noreferrer noopener\" href=\"http:\/\/www.wspinanie.gniezno.pl\/\" target=\"_blank\">dla cz\u0142onk\u00f3w KSG DIRETA&nbsp;<\/a>1500 z\u0142)<\/li><li>Niezb\u0119dny sprz\u0119t wspinaczkowy<\/li><li>Opiek\u0119 instruktora<\/li><li>Ubezpieczenie NNW<\/li><li>Za\u015bwiadczenie o uko\u0144czeniu kursu<\/li><li>Pakiet zdj\u0119\u0107 z kursu<\/li><li>Dost\u0119p do grupy FB, gdzie umawiamy si\u0119 na wspinanie, wymieniamy do\u015bwiadczenia i porady<\/li><li>Koszulka Szko\u0142y Wspinania DIRETA<\/li><li>Zni\u017cki na zakup sprz\u0119tu w zaprzyja\u017anionych sklepach<\/li><\/ul>\n\n\n\n<h2><strong><span class=\"has-inline-color has-vivid-cyan-blue-color\">CZEGO NIE ZAWIERA CENA<\/span><\/strong><\/h2>\n\n\n\n<ul><li>Koszt\u00f3w dojazdu i noclegu \u2013 ale pomagamy w rezerwacjach, natomiast dojazd najcz\u0119\u015bciej jednym autem, zrzuta na paliwo&nbsp;<\/li><li>Wy\u017cywienia<\/li><\/ul>\n\n\n\n<div class=\"wp-block-buttons\">\n<div class=\"wp-block-button is-style-outline\"><a class=\"wp-block-button__link\" href=\"http:\/\/direta.com.pl\/?page_id=564\"><span class=\"has-inline-color has-vivid-cyan-blue-color\">ZAPISZ SI\u0118 NA KURS<\/span><\/a><\/div>\n<\/div>\n<\/div>\n\n\n\n<div class=\"wp-block-column\">\n<h2><strong><span class=\"has-inline-color has-vivid-cyan-blue-color\">GDZIE SZKOLIMY<\/span><\/strong><\/h2>\n\n\n\n<p>Nie ograniczamy si\u0119 do jednego rejonu: miejsce szkolenie dostosowujemy do kursant\u00f3w, pogody, terminu. Istnieje mo\u017cliwo\u015b\u0107 przeprowadzenia kursu w innych ska\u0142kach oraz zaproponowanie noclegu zgodnie z wymaganiami kursant\u00f3w. Najcz\u0119\u015bciej szkolimy w trzech miejscach:<\/p>\n\n\n\n<ul><li>Jura P\u00f3\u0142nocna, z&nbsp;<a rel=\"noreferrer noopener\" href=\"https:\/\/www.facebook.com\/Agroturystyka-w-Podlesicach-U-Piwkowej-2365677773651575\/?modal=admin_todo_tour\" target=\"_blank\">baz\u0105 w Podlesicach.<\/a><\/li><li>Jura Po\u0142udniowa, z&nbsp;<a rel=\"noreferrer noopener\" href=\"https:\/\/dolinabedkowska.pl\/\" target=\"_blank\">baz\u0105 w Dolinie B\u0119dkowskiej<\/a><\/li><li>Sokoliki, z&nbsp;<a rel=\"noreferrer noopener\" href=\"https:\/\/taborpodkrzywa.pl\/\" target=\"_blank\">baz\u0105 na Taborze pod Krzyw\u0105<\/a><\/li><\/ul>\n\n\n\n<h2><strong><span class=\"has-inline-color has-vivid-cyan-blue-color\">CO MUSISZ ZE SOB\u0104 ZABRA\u0106<\/span><\/strong><\/h2>\n\n\n\n<ul><li>buty wspinaczkowe (nie wiesz jakie wybra\u0107 \u2013 napisz do nas, doradzimy)<\/li><li>plecak oko\u0142o 30 \u2013 40 litr\u00f3w<\/li><li>Zobacz nasz\u0105&nbsp;<strong><a href=\"http:\/\/direta.com.pl\/?page_id=578\">list\u0119 niezb\u0119dnych rzeczy&nbsp;<\/a><\/strong>przydatnych na kursie.<\/li><\/ul>\n\n\n\n<div class=\"wp-block-buttons\">\n<div class=\"wp-block-button is-style-outline\"><a class=\"wp-block-button__link\" href=\"http:\/\/direta.com.pl\/?page_id=547\"><span class=\"has-inline-color has-vivid-cyan-blue-color\">SPRAWD\u0179 TERMINY<\/span><\/a><\/div>\n<\/div>\n<\/div>\n<\/div>\n\n\n\n<figure class=\"wp-block-image size-large\"><img loading=\"lazy\" width=\"1024\" height=\"679\" src=\"http:\/\/direta.com.pl\/wp-content\/uploads\/2021\/02\/IMG_2270-2-1024x679.jpg\" alt=\"\" class=\"wp-image-892\" srcset=\"http:\/\/direta.com.pl\/wp-content\/uploads\/2021\/02\/IMG_2270-2-1024x679.jpg 1024w, http:\/\/direta.com.pl\/wp-content\/uploads\/2021\/02\/IMG_2270-2-300x199.jpg 300w, http:\/\/direta.com.pl\/wp-content\/uploads\/2021\/02\/IMG_2270-2-768x509.jpg 768w, http:\/\/direta.com.pl\/wp-content\/uploads\/2021\/02\/IMG_2270-2.jpg 1275w\" sizes=\"(max-width: 706px) 89vw, (max-width: 767px) 82vw, 740px\" \/><\/figure>\n","protected":false},"excerpt":{"rendered":"<p>Podstawowy kurs wspinaczki trwaj\u0105cy 6 dni adresowany jest do os\u00f3b, kt\u00f3re pragn\u0105 w kr\u00f3tkim czasie i kompleksowo zrealizowa\u0107 program z dw\u00f3ch kurs\u00f3w: na drogach ubezpieczonych oraz na w\u0142asnej asekuracji. Program = drogi ubezpieczone + drogi na w\u0142asnej asekuracji CO ZAWIERA CENA Cena kursu 1600 z\u0142 (dla cz\u0142onk\u00f3w KSG DIRETA&nbsp;1500 z\u0142) Niezb\u0119dny sprz\u0119t wspinaczkowy Opiek\u0119 instruktora &hellip; <\/p>\n<p class=\"link-more\"><a href=\"http:\/\/direta.com.pl\/?page_id=887\" class=\"more-link\">Continue reading<span class=\"screen-reader-text\"> &#8220;Podstawowy kurs wspinaczki 6 dni&#8221;<\/span><\/a><\/p>\n","protected":false},"author":1,"featured_media":0,"parent":328,"menu_order":0,"comment_status":"closed","ping_status":"closed","template":"","meta":[],"_links":{"self":[{"href":"http:\/\/direta.com.pl\/index.php?rest_route=\/wp\/v2\/pages\/887"}],"collection":[{"href":"http:\/\/direta.com.pl\/index.php?rest_route=\/wp\/v2\/pages"}],"about":[{"href":"http:\/\/direta.com.pl\/index.php?rest_route=\/wp\/v2\/types\/page"}],"author":[{"embeddable":true,"href":"http:\/\/direta.com.pl\/index.php?rest_route=\/wp\/v2\/users\/1"}],"replies":[{"embeddable":true,"href":"http:\/\/direta.com.pl\/index.php?rest_route=%2Fwp%2Fv2%2Fcomments&post=887"}],"version-history":[{"count":7,"href":"http:\/\/direta.com.pl\/index.php?rest_route=\/wp\/v2\/pages\/887\/revisions"}],"predecessor-version":[{"id":1217,"href":"http:\/\/direta.com.pl\/index.php?rest_route=\/wp\/v2\/pages\/887\/revisions\/1217"}],"up":[{"embeddable":true,"href":"http:\/\/direta.com.pl\/index.php?rest_route=\/wp\/v2\/pages\/328"}],"wp:attachment":[{"href":"http:\/\/direta.com.pl\/index.php?rest_route=%2Fwp%2Fv2%2Fmedia&parent=887"}],"curies":[{"name":"wp","href":"https:\/\/api.w.org\/{rel}","templated":true}]}}