{"id":796,"date":"2021-01-30T17:36:00","date_gmt":"2021-01-30T16:36:00","guid":{"rendered":"http:\/\/direta.com.pl\/?page_id=796"},"modified":"2025-06-11T12:15:19","modified_gmt":"2025-06-11T10:15:19","slug":"kurs-instruktora-rajdow-przygodowych","status":"publish","type":"page","link":"http:\/\/direta.com.pl\/?page_id=796","title":{"rendered":"Kurs instruktora rajd\u00f3w przygodowych"},"content":{"rendered":"\n<p id=\"block-6f7d885c-ffe0-4ba1-b639-a3aafeded748\">Szkolenie jest adresowane do kadry rajd\u00f3w przygodowych, organizator\u00f3w imprez \u201eoutdoor\u201d, \u201eteam-building\u201d, festyn\u00f3w i event\u00f3w, mobilnych park\u00f3w linowych, tor\u00f3w przeszk\u00f3d itp.<\/p>\n\n\n\n<p id=\"block-0d561404-d637-4419-becd-3c1505288567\"><strong>Warunki uczestnictwa:<\/strong> uko\u0144czone 18 lat, posiadanie za\u015bwiadczenia lekarskiego o braku przeciwwskaza\u0144 do uczestnictwa w kursie pracownika wysoko\u015bciowego.<\/p>\n\n\n\n<div class=\"wp-block-columns\">\n<div class=\"wp-block-column\">\n<h2><strong><span class=\"has-inline-color has-vivid-cyan-blue-color\">MIEJSCE<\/span><\/strong><\/h2>\n\n\n\n<p>park linowy, sztuczna \u015bcianka, obiekty urbanistyczne, obiekty terenowe<\/p>\n\n\n\n<h2><strong><span class=\"has-inline-color has-vivid-cyan-blue-color\">TERMIN<\/span><\/strong><\/h2>\n\n\n\n<p>Terminy uzgadniamy bezpo\u015brednio z zainteresowanymi<\/p>\n<\/div>\n\n\n\n<div class=\"wp-block-column\">\n<h2><strong><span class=\"has-inline-color has-vivid-cyan-blue-color\">CENA<\/span><\/strong><\/h2>\n\n\n\n<p>1100 z\u0142\/os <\/p>\n\n\n\n<p>dla grupy min. 3 osobowej<\/p>\n\n\n\n<h2><strong><span class=\"has-inline-color has-vivid-cyan-blue-color\">CZAS TRWANIA<\/span><\/strong><\/h2>\n\n\n\n<p>2 dni<\/p>\n\n\n\n<div class=\"wp-block-buttons\">\n<div class=\"wp-block-button is-style-outline\"><a class=\"wp-block-button__link\" href=\"http:\/\/direta.com.pl\/?page_id=564\"><span class=\"has-inline-color has-vivid-cyan-blue-color\">ZAPISZ SI\u0118 NA KURS<\/span><\/a><\/div>\n<\/div>\n\n\n\n<p><\/p>\n<\/div>\n<\/div>\n\n\n\n<h2 id=\"block-43e25978-b784-4708-b6cf-f9edf4e1b1ed\"><strong><span class=\"has-inline-color has-vivid-cyan-blue-color\">Program kursu:<\/span><\/strong><\/h2>\n\n\n\n<p id=\"block-58a33ef4-0209-4199-89a8-888cfdc8018a\">Ramowy program poni\u017cej. Mo\u017cemy go zmodyfikowa\u0107 w porozumieniu ze zleceniodawc\u0105 aby uwzgl\u0119dni\u0107 specyfik\u0119 miejsca pracy.<br>Po uko\u0144czeniu kursu wystawiamy za\u015bwiadczenie potwierdzaj\u0105ce nabyte umiej\u0119tno\u015bci.<\/p>\n\n\n\n<p id=\"block-fd392327-144b-4328-967b-bb682f236257\"><strong>Cz\u0119\u015b\u0107 teoretyczna:<\/strong><\/p>\n\n\n\n<ol id=\"block-04b54036-7585-4384-8c46-d664ace8e118\"><li>Regulacje prawne przepisy, normy;<\/li><li>Podstawy metodyki pracy z klientem;<\/li><li>Sprz\u0119t asekuracyjno \u2013 zjazdowy: rodzaje, parametry, atesty;<\/li><li>Teoria asekuracji;<\/li><li>Organizacja stanowiska pracy, BHP;<\/li><li>Kontrola, konserwacja i przechowywanie sprz\u0119tu asekuracyjnego;<\/li><li>Sytuacje awaryjne: opuszczanie poszkodowanego, zabezpieczenie miejsca wypadku i poszkodowanego, zasady wsp\u00f3\u0142pracy ze s\u0142u\u017cbami ratowniczymi, pierwsza pomoc \u2013 algorytmy post\u0119powania (zaleca si\u0119 aby kursanci uko\u0144czyli kurs pierwszej pomocy).<\/li><li>Rajdy przygodowe \u2013 przyk\u0142adowy scenariusz rajdu;<\/li><li>Mobilne parki linowe \u2013 przyk\u0142adowy scenariusz i projektowanie mobilnego parku w terenie.<\/li><li>Cz\u0119\u015b\u0107 praktyczna jak w module I oraz:<\/li><li>Budowa stanowisk asekuracyjnych i zjazdowych, ocena jako\u015bci punkt\u00f3w, sposoby ich \u0142\u0105czenia, zabezpieczanie punkt\u00f3w z wykorzystaniem przedmiot\u00f3w terenowych (drzewa, ska\u0142y, obiekty urbanistyczne);<\/li><li>Zak\u0142adanie instalacji linowych w miejscach trudno dost\u0119pnych;<\/li><li>Techniki poruszania si\u0119 przy u\u017cyciu lin por\u0119czowych i lon\u017cy;<\/li><li>Budowa tyrolek, most\u00f3w linowych, tor\u00f3w przeszk\u00f3d i innych zada\u0144 linowych.<\/li><\/ol>\n\n\n\n<p id=\"block-0b384d7e-a961-4392-af14-1ef270782c8b\"><strong>Cz\u0119\u015b\u0107 praktyczna:<\/strong><\/p>\n\n\n\n<ol id=\"block-ccca18df-63cd-4eb3-a743-91629d0ad374\"><li>Podstawowe techniki zabezpieczaj\u0105ce przed upadkiem z wysoko\u015bci;<\/li><li>Podstawowe w\u0119z\u0142y stosowane podczas asekuracji i budowy instalacji linowych (\u00f3semka, wyblinka, p\u00f3\u0142wyblinka, kluczka, w\u0119z\u0142y samozaciskowe \/prusik, francuz, bloker\/, w\u0119ze\u0142 flagowy, podw\u00f3jny zderzakowy, podw\u00f3jny stoper, krawat, ta\u015bmowy r\u00f3wnoleg\u0142y, uszy kr\u00f3lika);<\/li><li>Budowa punkt\u00f3w i stanowisk asekuracyjnych (stanowiska: uszy kr\u00f3lika, paj\u0105czek, motyl, z niezale\u017cnych ta\u015bm, samonastawne; \u0142\u0105czenie punkt\u00f3w, przed\u0142u\u017canie i skracanie ramion stanowiska)<\/li><li>Wspinaczka z g\u00f3rn\u0105 i doln\u0105 asekuracj\u0105;<\/li><li>Techniki zjazdu i wychodzenia po linie: obs\u0142uga przyrz\u0105d\u00f3w zjazdowo \u2013 asekuracyjnych, w\u0119z\u0142y i przyrz\u0105dy samozaciskowe;<\/li><li>Przygotowywanie, zwijanie oraz przenoszenie i przechowywanie liny;<\/li><li>Sytuacje awaryjne \u2013 \u0107wiczenia praktyczne.<\/li><\/ol>\n\n\n\n<div class=\"wp-block-buttons\">\n<div class=\"wp-block-button is-style-outline\"><a class=\"wp-block-button__link\" href=\"http:\/\/direta.com.pl\/?page_id=783\"><span class=\"has-inline-color has-vivid-cyan-blue-color\">OPERATOR PARK\u00d3W LINOWYCH 2 dni 800 z\u0142<\/span><\/a><\/div>\n\n\n\n<div class=\"wp-block-button is-style-outline\"><a class=\"wp-block-button__link\" href=\"http:\/\/direta.com.pl\/?page_id=564\"><span class=\"has-inline-color has-vivid-cyan-blue-color\">INSTRUKTOR RAJD\u00d3W PRZYGODOWYCH 2 dni 800 z\u0142<\/span><\/a><\/div>\n\n\n\n<div class=\"wp-block-button is-style-outline\"><a class=\"wp-block-button__link\" href=\"http:\/\/direta.com.pl\/?page_id=564\"><span class=\"has-inline-color has-vivid-cyan-blue-color\">OPERATOR PARK\u00d3W + INSTRUKTOR RAJD\u00d3W 3 dni 1200 z\u0142<\/span><\/a><\/div>\n<\/div>\n\n\n\n<figure class=\"wp-block-image size-large\"><img loading=\"lazy\" width=\"1024\" height=\"469\" src=\"http:\/\/direta.com.pl\/wp-content\/uploads\/2021\/01\/2013-05-11-1372-1024x469.jpg\" alt=\"\" class=\"wp-image-805\" srcset=\"http:\/\/direta.com.pl\/wp-content\/uploads\/2021\/01\/2013-05-11-1372-1024x469.jpg 1024w, http:\/\/direta.com.pl\/wp-content\/uploads\/2021\/01\/2013-05-11-1372-300x137.jpg 300w, http:\/\/direta.com.pl\/wp-content\/uploads\/2021\/01\/2013-05-11-1372-768x352.jpg 768w, http:\/\/direta.com.pl\/wp-content\/uploads\/2021\/01\/2013-05-11-1372-1536x704.jpg 1536w, http:\/\/direta.com.pl\/wp-content\/uploads\/2021\/01\/2013-05-11-1372-2048x938.jpg 2048w\" sizes=\"(max-width: 706px) 89vw, (max-width: 767px) 82vw, 740px\" \/><\/figure>\n","protected":false},"excerpt":{"rendered":"<p>Szkolenie jest adresowane do kadry rajd\u00f3w przygodowych, organizator\u00f3w imprez \u201eoutdoor\u201d, \u201eteam-building\u201d, festyn\u00f3w i event\u00f3w, mobilnych park\u00f3w linowych, tor\u00f3w przeszk\u00f3d itp. Warunki uczestnictwa: uko\u0144czone 18 lat, posiadanie za\u015bwiadczenia lekarskiego o braku przeciwwskaza\u0144 do uczestnictwa w kursie pracownika wysoko\u015bciowego. MIEJSCE park linowy, sztuczna \u015bcianka, obiekty urbanistyczne, obiekty terenowe TERMIN Terminy uzgadniamy bezpo\u015brednio z zainteresowanymi CENA 1100 z\u0142\/os &hellip; <\/p>\n<p class=\"link-more\"><a href=\"http:\/\/direta.com.pl\/?page_id=796\" class=\"more-link\">Continue reading<span class=\"screen-reader-text\"> &#8220;Kurs instruktora rajd\u00f3w przygodowych&#8221;<\/span><\/a><\/p>\n","protected":false},"author":1,"featured_media":0,"parent":0,"menu_order":0,"comment_status":"closed","ping_status":"closed","template":"","meta":[],"_links":{"self":[{"href":"http:\/\/direta.com.pl\/index.php?rest_route=\/wp\/v2\/pages\/796"}],"collection":[{"href":"http:\/\/direta.com.pl\/index.php?rest_route=\/wp\/v2\/pages"}],"about":[{"href":"http:\/\/direta.com.pl\/index.php?rest_route=\/wp\/v2\/types\/page"}],"author":[{"embeddable":true,"href":"http:\/\/direta.com.pl\/index.php?rest_route=\/wp\/v2\/users\/1"}],"replies":[{"embeddable":true,"href":"http:\/\/direta.com.pl\/index.php?rest_route=%2Fwp%2Fv2%2Fcomments&post=796"}],"version-history":[{"count":4,"href":"http:\/\/direta.com.pl\/index.php?rest_route=\/wp\/v2\/pages\/796\/revisions"}],"predecessor-version":[{"id":1702,"href":"http:\/\/direta.com.pl\/index.php?rest_route=\/wp\/v2\/pages\/796\/revisions\/1702"}],"wp:attachment":[{"href":"http:\/\/direta.com.pl\/index.php?rest_route=%2Fwp%2Fv2%2Fmedia&parent=796"}],"curies":[{"name":"wp","href":"https:\/\/api.w.org\/{rel}","templated":true}]}}