{"id":685,"date":"2021-01-18T16:57:36","date_gmt":"2021-01-18T15:57:36","guid":{"rendered":"http:\/\/direta.com.pl\/?page_id=685"},"modified":"2025-06-11T12:15:45","modified_gmt":"2025-06-11T10:15:45","slug":"kurs-do-prac-na-wysokosciach-dostep-budowany","status":"publish","type":"page","link":"http:\/\/direta.com.pl\/?page_id=685","title":{"rendered":"Kurs do prac na wysoko\u015bciach &#8211; dost\u0119p budowlany"},"content":{"rendered":"\n<p>Kurs dla pracuj\u0105cych na rusztowaniach i konstrukcjach budowlanych z zastosowaniem technik podtrzymywania i stabilizacji w pozycji roboczej oraz technik autoasekuracji podczas poruszania si\u0119 si\u0119 po konstrukcjach budowlanych z u\u017cyciem lon\u017cy i lin por\u0119czowych. Bezpieczna praca na dachach budynk\u00f3w \u2013 od\u015bnie\u017canie dach\u00f3w, monta\u017c reklam itp. (praca w podparciu).  <\/p>\n\n\n\n<h2><strong><span class=\"has-inline-color has-vivid-cyan-blue-color\">WARUNKI UCZESTNICTWA<\/span><\/strong><\/h2>\n\n\n\n<ol><li>uko\u0144czone 18 lat<\/li><li>sprawno\u015b\u0107 fizyczna<\/li><li>brak przeciwwskaza\u0144 lekarskich do pracy na wysoko\u015bci<\/li><\/ol>\n\n\n\n<div class=\"wp-block-columns\">\n<div class=\"wp-block-column\">\n<h2><strong><span class=\"has-inline-color has-vivid-cyan-blue-color\">CENA<\/span><\/strong><\/h2>\n\n\n\n<p>Od 800 z\u0142 od osoby w zale\u017cno\u015bci od ilo\u015bci zg\u0142oszonych, zakresu szkolenia, czasu trwania, lokalizacji oraz dotychczasowej wsp\u00f3\u0142pracy.<\/p>\n\n\n\n<h2><strong><span class=\"has-inline-color has-vivid-cyan-blue-color\">CZAS TRWANIA KURSU<\/span><\/strong> <\/h2>\n\n\n\n<p>1-2 dn<\/p>\n\n\n\n<h2><strong><span class=\"has-inline-color has-vivid-cyan-blue-color\">TERMIN I MIEJSCE<\/span><\/strong><\/h2>\n\n\n\n<p>Szkolenie realizujemy na obiekcie szkoleniowym w Gnie\u017anie lub wskazanym przez zleceniodawc\u0119.<br>Terminy uzgadniamy z zainteresowanymi.<\/p>\n<\/div>\n\n\n\n<div class=\"wp-block-column\">\n<h2><strong><span class=\"has-inline-color has-vivid-cyan-blue-color\">CO ZAPEWNIAMY<\/span><\/strong><\/h2>\n\n\n\n<ul><li>materia\u0142y szkoleniowe<\/li><li>sprz\u0119t asekuracyjny i niezb\u0119dne wyposa\u017cenie na czas trwania kursu<\/li><li>instruktor\u00f3w z wieloletnim do\u015bwiadczeniem<\/li><li>ubezpieczenie NW na czas kursu<\/li><li>certyfikat potwierdzaj\u0105cy nabyte umiej\u0119tno\u015bci zgodny z aktualnymi przepisami BHP i kszta\u0142cenia w ramach MEN<\/li><li>doradztwo przy zakupach sprz\u0119tu specjalistycznego<\/li><li>zni\u017cki w zaprzyja\u017anionych sklepach specjalistycznych<\/li><\/ul>\n\n\n\n<p>Kurs ko\u0144czy si\u0119 egzaminem w formie testu.<\/p>\n\n\n\n<div class=\"wp-block-buttons\">\n<div class=\"wp-block-button is-style-outline\"><a class=\"wp-block-button__link\" href=\"http:\/\/direta.com.pl\/?page_id=564\"><span class=\"has-inline-color has-vivid-cyan-blue-color\">ZAPISZ SI\u0118 NA KURS<\/span><\/a><\/div>\n<\/div>\n<\/div>\n<\/div>\n\n\n\n<figure class=\"wp-block-gallery columns-3 is-cropped\"><ul class=\"blocks-gallery-grid\"><li class=\"blocks-gallery-item\"><figure><img loading=\"lazy\" width=\"1024\" height=\"576\" src=\"http:\/\/direta.com.pl\/wp-content\/uploads\/2021\/01\/ww_2048x1152-1024x576.jpg\" alt=\"\" data-id=\"821\" data-full-url=\"http:\/\/direta.com.pl\/wp-content\/uploads\/2021\/01\/ww_2048x1152.jpg\" data-link=\"http:\/\/direta.com.pl\/?attachment_id=821\" class=\"wp-image-821\" srcset=\"http:\/\/direta.com.pl\/wp-content\/uploads\/2021\/01\/ww_2048x1152-1024x576.jpg 1024w, http:\/\/direta.com.pl\/wp-content\/uploads\/2021\/01\/ww_2048x1152-300x169.jpg 300w, http:\/\/direta.com.pl\/wp-content\/uploads\/2021\/01\/ww_2048x1152-768x432.jpg 768w, http:\/\/direta.com.pl\/wp-content\/uploads\/2021\/01\/ww_2048x1152-1536x864.jpg 1536w, http:\/\/direta.com.pl\/wp-content\/uploads\/2021\/01\/ww_2048x1152.jpg 2048w\" sizes=\"(max-width: 706px) 89vw, (max-width: 767px) 82vw, 740px\" \/><\/figure><\/li><li class=\"blocks-gallery-item\"><figure><img loading=\"lazy\" width=\"768\" height=\"1024\" src=\"http:\/\/direta.com.pl\/wp-content\/uploads\/2021\/01\/WIT-768x1024.jpg\" alt=\"\" data-id=\"820\" data-full-url=\"http:\/\/direta.com.pl\/wp-content\/uploads\/2021\/01\/WIT-scaled.jpg\" data-link=\"http:\/\/direta.com.pl\/?attachment_id=820\" class=\"wp-image-820\" srcset=\"http:\/\/direta.com.pl\/wp-content\/uploads\/2021\/01\/WIT-768x1024.jpg 768w, http:\/\/direta.com.pl\/wp-content\/uploads\/2021\/01\/WIT-225x300.jpg 225w, http:\/\/direta.com.pl\/wp-content\/uploads\/2021\/01\/WIT-1152x1536.jpg 1152w, http:\/\/direta.com.pl\/wp-content\/uploads\/2021\/01\/WIT-1536x2048.jpg 1536w, http:\/\/direta.com.pl\/wp-content\/uploads\/2021\/01\/WIT-scaled.jpg 1920w\" sizes=\"(max-width: 706px) 89vw, (max-width: 767px) 82vw, 740px\" \/><\/figure><\/li><li class=\"blocks-gallery-item\"><figure><img loading=\"lazy\" width=\"480\" height=\"640\" src=\"http:\/\/direta.com.pl\/wp-content\/uploads\/2021\/01\/nivea.jpg\" alt=\"\" data-id=\"819\" data-full-url=\"http:\/\/direta.com.pl\/wp-content\/uploads\/2021\/01\/nivea.jpg\" data-link=\"http:\/\/direta.com.pl\/?attachment_id=819\" class=\"wp-image-819\" srcset=\"http:\/\/direta.com.pl\/wp-content\/uploads\/2021\/01\/nivea.jpg 480w, http:\/\/direta.com.pl\/wp-content\/uploads\/2021\/01\/nivea-225x300.jpg 225w\" sizes=\"(max-width: 480px) 100vw, 480px\" \/><\/figure><\/li><\/ul><\/figure>\n","protected":false},"excerpt":{"rendered":"<p>Kurs dla pracuj\u0105cych na rusztowaniach i konstrukcjach budowlanych z zastosowaniem technik podtrzymywania i stabilizacji w pozycji roboczej oraz technik autoasekuracji podczas poruszania si\u0119 si\u0119 po konstrukcjach budowlanych z u\u017cyciem lon\u017cy i lin por\u0119czowych. Bezpieczna praca na dachach budynk\u00f3w \u2013 od\u015bnie\u017canie dach\u00f3w, monta\u017c reklam itp. (praca w podparciu). WARUNKI UCZESTNICTWA uko\u0144czone 18 lat sprawno\u015b\u0107 fizyczna brak &hellip; <\/p>\n<p class=\"link-more\"><a href=\"http:\/\/direta.com.pl\/?page_id=685\" class=\"more-link\">Continue reading<span class=\"screen-reader-text\"> &#8220;Kurs do prac na wysoko\u015bciach &#8211; dost\u0119p budowlany&#8221;<\/span><\/a><\/p>\n","protected":false},"author":1,"featured_media":0,"parent":332,"menu_order":0,"comment_status":"closed","ping_status":"closed","template":"","meta":[],"_links":{"self":[{"href":"http:\/\/direta.com.pl\/index.php?rest_route=\/wp\/v2\/pages\/685"}],"collection":[{"href":"http:\/\/direta.com.pl\/index.php?rest_route=\/wp\/v2\/pages"}],"about":[{"href":"http:\/\/direta.com.pl\/index.php?rest_route=\/wp\/v2\/types\/page"}],"author":[{"embeddable":true,"href":"http:\/\/direta.com.pl\/index.php?rest_route=\/wp\/v2\/users\/1"}],"replies":[{"embeddable":true,"href":"http:\/\/direta.com.pl\/index.php?rest_route=%2Fwp%2Fv2%2Fcomments&post=685"}],"version-history":[{"count":13,"href":"http:\/\/direta.com.pl\/index.php?rest_route=\/wp\/v2\/pages\/685\/revisions"}],"predecessor-version":[{"id":1704,"href":"http:\/\/direta.com.pl\/index.php?rest_route=\/wp\/v2\/pages\/685\/revisions\/1704"}],"up":[{"embeddable":true,"href":"http:\/\/direta.com.pl\/index.php?rest_route=\/wp\/v2\/pages\/332"}],"wp:attachment":[{"href":"http:\/\/direta.com.pl\/index.php?rest_route=%2Fwp%2Fv2%2Fmedia&parent=685"}],"curies":[{"name":"wp","href":"https:\/\/api.w.org\/{rel}","templated":true}]}}