{"id":1651,"date":"2025-01-29T20:53:00","date_gmt":"2025-01-29T19:53:00","guid":{"rendered":"http:\/\/direta.com.pl\/?page_id=1651"},"modified":"2025-06-13T09:08:42","modified_gmt":"2025-06-13T07:08:42","slug":"obozy-dla-dzieci-i-mlodziezy-2025","status":"publish","type":"page","link":"http:\/\/direta.com.pl\/?page_id=1651","title":{"rendered":"OBOZY DLA DZIECI I M\u0141ODZIE\u017bY 2025"},"content":{"rendered":"\n<figure class=\"wp-block-image\"><img loading=\"lazy\" width=\"1024\" height=\"280\" src=\"http:\/\/direta.com.pl\/wp-content\/uploads\/2023\/12\/pan-1024x280.jpg\" alt=\"\" class=\"wp-image-1501\" srcset=\"http:\/\/direta.com.pl\/wp-content\/uploads\/2023\/12\/pan-1024x280.jpg 1024w, http:\/\/direta.com.pl\/wp-content\/uploads\/2023\/12\/pan-300x82.jpg 300w, http:\/\/direta.com.pl\/wp-content\/uploads\/2023\/12\/pan-768x210.jpg 768w, http:\/\/direta.com.pl\/wp-content\/uploads\/2023\/12\/pan-1536x420.jpg 1536w, http:\/\/direta.com.pl\/wp-content\/uploads\/2023\/12\/pan.jpg 2048w\" sizes=\"(max-width: 706px) 89vw, (max-width: 767px) 82vw, 740px\" \/><\/figure>\n\n\n\n<h1><strong>Ob\u00f3z wspinaczkowy i wakacje rodzinne w jednym, zapraszamy do udzia\u0142u ca\u0142e rodziny!<\/strong><\/h1>\n\n\n\n<p>Wzorem lat ubieg\u0142ych organizujemy latem&nbsp;<strong>2025<\/strong>&nbsp;obozy wspinaczkowe dla dzieci i m\u0142odzie\u017cy dwa turnusy:<\/p>\n\n\n\n<ul id=\"block-35a7b7b4-4e0e-47a5-9d59-2d7efaeff1aa\"><li><strong>OB\u00d3Z JUNIOR\u00d3W JURA PODLESICE<\/strong>&nbsp;\u2013 wspinaczka ska\u0142kowa i na drogach wielowyci\u0105gowych. Dla nastolatk\u00f3w z do\u015bwiadczeniem wspinaczkowym. Juniorzy mog\u0105 wzi\u0105\u0107 udzia\u0142 bez opiekun\u00f3w.<\/li><li><strong>OB\u00d3Z DZIECI I JUNIOR\u00d3W<\/strong>&nbsp;<strong>JURA<\/strong> <strong>PODLESICE<\/strong>, od 7 roku \u017cycia. Juniorzy mog\u0105 wzi\u0105\u0107 udzia\u0142 bez opiekun\u00f3w.<\/li><li>Sze\u015b\u0107 dni w jednym z najpi\u0119kniejszych rejon\u00f3w Polski, na&nbsp; Jurze Krakowsko\u2013Cz\u0119stochowskiej<\/li><li>Do po\u0142udnia \u2013 warsztaty wspinaczkowe dla Waszych dzieci<\/li><li>Po po\u0142udniu \u2013 aktywne sp\u0119dzanie czasu rodzic\u00f3w z dzie\u0107mi (zwiedzanie Szlaku Orlich Gniazd, turystyka, piesza i rowerowa, k\u0105pieliska)<\/li><li>Wieczory przy ognisku i inne atrakcje<\/li><\/ul>\n\n\n\n<figure class=\"wp-block-image\"><img loading=\"lazy\" width=\"1024\" height=\"516\" src=\"http:\/\/direta.com.pl\/wp-content\/uploads\/2023\/12\/luto-1024x516.jpg\" alt=\"\" class=\"wp-image-1504\" srcset=\"http:\/\/direta.com.pl\/wp-content\/uploads\/2023\/12\/luto-1024x516.jpg 1024w, http:\/\/direta.com.pl\/wp-content\/uploads\/2023\/12\/luto-300x151.jpg 300w, http:\/\/direta.com.pl\/wp-content\/uploads\/2023\/12\/luto-768x387.jpg 768w, http:\/\/direta.com.pl\/wp-content\/uploads\/2023\/12\/luto-1536x774.jpg 1536w, http:\/\/direta.com.pl\/wp-content\/uploads\/2023\/12\/luto.jpg 2000w\" sizes=\"(max-width: 706px) 89vw, (max-width: 767px) 82vw, 740px\" \/><\/figure>\n\n\n\n<h2><strong>TERMINY<\/strong><\/h2>\n\n\n\n<ul id=\"block-69c171b7-02ee-428c-8b04-9e2aededbe4b\"><li><strong>I turnus JUNIORZY<\/strong>&nbsp;<strong>Podlesice 20-26 lipca<\/strong><\/li><li><strong>II turnus DZIECI I JUNIORZY Podlesice 5-10&nbsp;sierpnia<\/strong><\/li><\/ul>\n\n\n\n<div class=\"wp-block-buttons\">\n<div class=\"wp-block-button\"><a class=\"wp-block-button__link\" href=\"http:\/\/direta.com.pl\/?page_id=564\">ZAPISZ SI\u0118 NA OB\u00d3Z<\/a><\/div>\n<\/div>\n\n\n\n<figure class=\"wp-block-image size-large\"><img loading=\"lazy\" width=\"1024\" height=\"411\" src=\"http:\/\/direta.com.pl\/wp-content\/uploads\/2025\/01\/dz-1-1024x411.jpg\" alt=\"\" class=\"wp-image-1669\" srcset=\"http:\/\/direta.com.pl\/wp-content\/uploads\/2025\/01\/dz-1-1024x411.jpg 1024w, http:\/\/direta.com.pl\/wp-content\/uploads\/2025\/01\/dz-1-300x120.jpg 300w, http:\/\/direta.com.pl\/wp-content\/uploads\/2025\/01\/dz-1-768x308.jpg 768w, http:\/\/direta.com.pl\/wp-content\/uploads\/2025\/01\/dz-1-1536x616.jpg 1536w, http:\/\/direta.com.pl\/wp-content\/uploads\/2025\/01\/dz-1.jpg 2048w\" sizes=\"(max-width: 706px) 89vw, (max-width: 767px) 82vw, 740px\" \/><\/figure>\n\n\n\n<h2><strong>CO ZAWIERA CENA<\/strong><\/h2>\n\n\n\n<ul id=\"block-4bbd8355-76c7-461c-b0d5-01d13f0102b4\"><li><strong>I turnus JUNIORZY \u2013 1200 z\u0142 (<\/strong><a rel=\"noreferrer noopener\" href=\"http:\/\/www.wspinanie.gniezno.pl\/\" target=\"_blank\">dla cz\u0142onk\u00f3w KSG DIRETA<\/a><strong>1100 z\u0142)<\/strong><\/li><li><strong>II turnus JURA \u2013 1200 z\u0142 (Direta 1100 z\u0142)<\/strong><\/li><li>zapewniamy sprz\u0119t wspinaczkowy<\/li><li>0piek\u0119 instruktora<\/li><li>za\u015bwiadczenie o uko\u0144czeniu obozu wraz ze zrealizowanym programem<\/li><li>dost\u0119p do grupy FB, gdzie umawiamy si\u0119 na wspinanie, wymieniamy do\u015bwiadczenia i porady<\/li><li>koszulka Szko\u0142y Wspinania DIRETA<\/li><li>zni\u017cki na zakup sprz\u0119tu w zaprzyja\u017anionych sklepach<\/li><\/ul>\n\n\n\n<h2><strong>CZEGO NIE ZAWIERA CENA<\/strong><\/h2>\n\n\n\n<ul id=\"block-db812b43-d321-4884-bc40-9484e1d67e19\"><li>koszt\u00f3w dojazdu<\/li><li>noclegu \u2013 ale pomagamy w rezerwacjach w zaprzyja\u017anionych agroturystykach, tak by\u015bmy mogli sp\u0119dzi\u0107 ten czas blisko siebie&nbsp;<\/li><li>wy\u017cywienia<\/li><\/ul>\n\n\n\n<figure class=\"wp-block-image\"><img loading=\"lazy\" width=\"1024\" height=\"768\" src=\"http:\/\/direta.com.pl\/wp-content\/uploads\/2023\/12\/IMG_9427-1024x768.jpg\" alt=\"\" class=\"wp-image-1508\" srcset=\"http:\/\/direta.com.pl\/wp-content\/uploads\/2023\/12\/IMG_9427-1024x768.jpg 1024w, http:\/\/direta.com.pl\/wp-content\/uploads\/2023\/12\/IMG_9427-300x225.jpg 300w, http:\/\/direta.com.pl\/wp-content\/uploads\/2023\/12\/IMG_9427-768x576.jpg 768w, http:\/\/direta.com.pl\/wp-content\/uploads\/2023\/12\/IMG_9427-1536x1152.jpg 1536w, http:\/\/direta.com.pl\/wp-content\/uploads\/2023\/12\/IMG_9427-2048x1536.jpg 2048w\" sizes=\"(max-width: 706px) 89vw, (max-width: 767px) 82vw, 740px\" \/><\/figure>\n\n\n\n<h2><strong>NOCLEGI I WY\u017bYWIENIE<\/strong><\/h2>\n\n\n\n<p>Tutaj mamy dwie mo\u017cliwo\u015bci: liczne agroturystyki lub pola namiotowe. Pami\u0119tajmy, \u017ce to lato! A wi\u0119c nocleg na polu namiotowym to dodatkowa atrakcja dla naszych latoro\u015bli! W okolicy wiele mo\u017cliwo\u015bci noclegowych i \u017cywieniowych, dla posiadaczy aut wszystko pod r\u0119k\u0105, dla pieszych tak\u017ce!<\/p>\n\n\n\n<p><\/p>\n\n\n\n<p><strong>PODLESICE<\/strong> &#8211; (turnus dzieci i junior\u00f3w) &#8211; stolica wspinaczkowa p\u00f3\u0142nocnej Jury! Nasz\u0105 baz\u0105 b\u0119dzie pole namiotowe <strong><a href=\"https:\/\/www.osadazborow.pl\/\" target=\"_blank\" rel=\"noreferrer noopener\">Osada Zbor\u00f3w<\/a><\/strong>. W pobli\u017cu du\u017cy wyb\u00f3r gospodarstw agroturystycznych i hoteli. <\/p>\n\n\n\n<figure class=\"wp-block-image\"><img loading=\"lazy\" width=\"768\" height=\"1024\" src=\"http:\/\/direta.com.pl\/wp-content\/uploads\/2023\/12\/IMG_20230811_103554_1-768x1024.jpg\" alt=\"\" class=\"wp-image-1517\" srcset=\"http:\/\/direta.com.pl\/wp-content\/uploads\/2023\/12\/IMG_20230811_103554_1-768x1024.jpg 768w, http:\/\/direta.com.pl\/wp-content\/uploads\/2023\/12\/IMG_20230811_103554_1-225x300.jpg 225w, http:\/\/direta.com.pl\/wp-content\/uploads\/2023\/12\/IMG_20230811_103554_1-1152x1536.jpg 1152w, http:\/\/direta.com.pl\/wp-content\/uploads\/2023\/12\/IMG_20230811_103554_1-1536x2048.jpg 1536w, http:\/\/direta.com.pl\/wp-content\/uploads\/2023\/12\/IMG_20230811_103554_1-scaled.jpg 1920w\" sizes=\"(max-width: 706px) 89vw, (max-width: 767px) 82vw, 740px\" \/><\/figure>\n\n\n\n<figure class=\"wp-block-image\"><img loading=\"lazy\" width=\"1024\" height=\"768\" src=\"http:\/\/direta.com.pl\/wp-content\/uploads\/2023\/12\/363857370_562936342542619_3942449417423849193_n-1024x768.jpg\" alt=\"\" class=\"wp-image-1507\" srcset=\"http:\/\/direta.com.pl\/wp-content\/uploads\/2023\/12\/363857370_562936342542619_3942449417423849193_n-1024x768.jpg 1024w, http:\/\/direta.com.pl\/wp-content\/uploads\/2023\/12\/363857370_562936342542619_3942449417423849193_n-300x225.jpg 300w, http:\/\/direta.com.pl\/wp-content\/uploads\/2023\/12\/363857370_562936342542619_3942449417423849193_n-768x576.jpg 768w, http:\/\/direta.com.pl\/wp-content\/uploads\/2023\/12\/363857370_562936342542619_3942449417423849193_n-1536x1152.jpg 1536w, http:\/\/direta.com.pl\/wp-content\/uploads\/2023\/12\/363857370_562936342542619_3942449417423849193_n.jpg 2048w\" sizes=\"(max-width: 706px) 89vw, (max-width: 767px) 82vw, 740px\" \/><\/figure>\n\n\n\n<h2><strong>PROGRAM OBOZU<\/strong><\/h2>\n\n\n\n<ul><li>Dzie\u0144 0 \u2013 przyjazd, zwiedzanie okolicy, spotkanie integracyjne przy ognisku<\/li><li>Dzie\u0144 1, 2, 4, 5 \u2013 do po\u0142udnia warsztaty wspinaczkowe; po po\u0142udniu czas do dyspozycji rodzic\u00f3w, wieczory \u2013 wsp\u00f3lne ogniska i niespodzianki lub do dyspozycji rodzic\u00f3w\/opiekun\u00f3w<\/li><li>Dzie\u0144 3 \u2013 REST DAY do dyspozycji rodzic\u00f3w\/opiekun\u00f3w lub warsztaty wspinaczkowo \u2013 asekuracyjne dla zainteresowanych rodzic\u00f3w\/opiekun\u00f3w<\/li><li>Dzie\u0144 6 \u2013 warsztaty, zako\u0144czenie obozu, powr\u00f3t do domu<\/li><li>Program mo\u017ce ulec zmianie np. z powodu pogody<\/li><li>Dodatkowe atrakcje w okolicy: wypo\u017cyczalnie rower\u00f3w, szlaki piesze i rowerowe, paintball, park linowy, k\u0105pieliska, Szlak Orlich Gniazd, zwiedzanie Cz\u0119stochowy, Krakowa, loty turystyczne balonem i wielu innych atrakcji Jury.<\/li><\/ul>\n\n\n\n<div class=\"wp-block-buttons\">\n<div class=\"wp-block-button\"><a class=\"wp-block-button__link\" href=\"http:\/\/direta.com.pl\/?page_id=564\">ZAPISZ SI\u0118 NA OB\u00d3Z<\/a><\/div>\n<\/div>\n\n\n\n<figure class=\"wp-block-image\"><img loading=\"lazy\" width=\"768\" height=\"1024\" src=\"http:\/\/direta.com.pl\/wp-content\/uploads\/2023\/12\/363408077_770062751788263_636800565359772087_n-768x1024.jpg\" alt=\"\" class=\"wp-image-1505\" srcset=\"http:\/\/direta.com.pl\/wp-content\/uploads\/2023\/12\/363408077_770062751788263_636800565359772087_n-768x1024.jpg 768w, http:\/\/direta.com.pl\/wp-content\/uploads\/2023\/12\/363408077_770062751788263_636800565359772087_n-225x300.jpg 225w, http:\/\/direta.com.pl\/wp-content\/uploads\/2023\/12\/363408077_770062751788263_636800565359772087_n-1152x1536.jpg 1152w, http:\/\/direta.com.pl\/wp-content\/uploads\/2023\/12\/363408077_770062751788263_636800565359772087_n.jpg 1500w\" sizes=\"(max-width: 706px) 89vw, (max-width: 767px) 82vw, 740px\" \/><\/figure>\n\n\n\n<h2><strong>CO TRZEBA ZE SOB\u0104 ZABRA\u0106<\/strong><\/h2>\n\n\n\n<ul id=\"block-e723836e-9da5-4d17-a0c5-5b80fe55a53f\"><li>buty wspinaczkowe (nie wiesz jakie wybra\u0107 \u2013 napisz do nas, doradzimy)<\/li><li>plecak oko\u0142o 20 \u2013 30 litr\u00f3w<\/li><li>odzie\u017c adekwatn\u0105 do warunk\u00f3w pogodowych, uwaga, wieczory mog\u0105 by\u0107 ch\u0142odne!<\/li><li>latarka czo\u0142\u00f3wka<\/li><li>sprz\u0119t biwakowy \u2013 namiot, \u015bpiw\u00f3r, materac (nie dotyczy nocuj\u0105cych w agroturystykach.<\/li><li>zobacz nasz\u0105&nbsp;<strong><a href=\"http:\/\/direta.com.pl\/?page_id=578\">list\u0119 niezb\u0119dnych rzeczy&nbsp;<\/a><\/strong>przydatnych na obozie<\/li><\/ul>\n","protected":false},"excerpt":{"rendered":"<p>Ob\u00f3z wspinaczkowy i wakacje rodzinne w jednym, zapraszamy do udzia\u0142u ca\u0142e rodziny! Wzorem lat ubieg\u0142ych organizujemy latem&nbsp;2025&nbsp;obozy wspinaczkowe dla dzieci i m\u0142odzie\u017cy dwa turnusy: OB\u00d3Z JUNIOR\u00d3W JURA PODLESICE&nbsp;\u2013 wspinaczka ska\u0142kowa i na drogach wielowyci\u0105gowych. Dla nastolatk\u00f3w z do\u015bwiadczeniem wspinaczkowym. Juniorzy mog\u0105 wzi\u0105\u0107 udzia\u0142 bez opiekun\u00f3w. OB\u00d3Z DZIECI I JUNIOR\u00d3W&nbsp;JURA PODLESICE, od 7 roku \u017cycia. Juniorzy &hellip; <\/p>\n<p class=\"link-more\"><a href=\"http:\/\/direta.com.pl\/?page_id=1651\" class=\"more-link\">Continue reading<span class=\"screen-reader-text\"> &#8220;OBOZY DLA DZIECI I M\u0141ODZIE\u017bY 2025&#8221;<\/span><\/a><\/p>\n","protected":false},"author":1,"featured_media":0,"parent":0,"menu_order":0,"comment_status":"closed","ping_status":"closed","template":"","meta":[],"_links":{"self":[{"href":"http:\/\/direta.com.pl\/index.php?rest_route=\/wp\/v2\/pages\/1651"}],"collection":[{"href":"http:\/\/direta.com.pl\/index.php?rest_route=\/wp\/v2\/pages"}],"about":[{"href":"http:\/\/direta.com.pl\/index.php?rest_route=\/wp\/v2\/types\/page"}],"author":[{"embeddable":true,"href":"http:\/\/direta.com.pl\/index.php?rest_route=\/wp\/v2\/users\/1"}],"replies":[{"embeddable":true,"href":"http:\/\/direta.com.pl\/index.php?rest_route=%2Fwp%2Fv2%2Fcomments&post=1651"}],"version-history":[{"count":7,"href":"http:\/\/direta.com.pl\/index.php?rest_route=\/wp\/v2\/pages\/1651\/revisions"}],"predecessor-version":[{"id":1708,"href":"http:\/\/direta.com.pl\/index.php?rest_route=\/wp\/v2\/pages\/1651\/revisions\/1708"}],"wp:attachment":[{"href":"http:\/\/direta.com.pl\/index.php?rest_route=%2Fwp%2Fv2%2Fmedia&parent=1651"}],"curies":[{"name":"wp","href":"https:\/\/api.w.org\/{rel}","templated":true}]}}